{"id":381,"date":"2026-02-08T12:30:01","date_gmt":"2026-02-08T12:30:01","guid":{"rendered":"https:\/\/medaric.com\/?page_id=381"},"modified":"2026-02-26T09:01:08","modified_gmt":"2026-02-26T09:01:08","slug":"cres","status":"publish","type":"page","link":"https:\/\/medaric.com\/hr\/cres\/","title":{"rendered":"Cres"},"content":{"rendered":"\n\n\t<section class=\"section\" id=\"section_119406898\">\n\t\t<div class=\"section-bg fill\" >\n\t\t\t\t\t\t\t\t\t\n\t\t\t\n\n\t\t<\/div>\n\n\t\t\n\n\t\t<div class=\"section-content relative\">\n\t\t\t\n\n\n  <div class=\"banner has-hover bg-overlay-remove\" id=\"banner-814451949\">\n          <div class=\"banner-inner fill\">\n        <div class=\"banner-bg fill\" >\n            <img loading=\"lazy\" decoding=\"async\" width=\"1020\" height=\"574\" src=\"https:\/\/medaric.com\/wp-content\/uploads\/2026\/02\/dji_fly_20231206_091048_774_1701938782916_photo-1024x576.jpg\" class=\"bg attachment-large size-large\" alt=\"Cres ortofoto\" \/>                        <div class=\"overlay\"><\/div>            \n                    <\/div>\n\t\t\n        <div class=\"banner-layers container\">\n            <div class=\"fill banner-link\"><\/div>            \n\n   <div id=\"text-box-190352711\" class=\"text-box banner-layer x50 md-x50 lg-x50 y50 md-y50 lg-y50 res-text\">\n                                <div class=\"text-box-content text dark\">\n              \n              <div class=\"text-inner text-center\">\n                  \n\n\t<div id=\"text-1458772173\" class=\"text\">\n\t\t\n\n<h1 class=\"thin-font lead uppercase\">about cres<\/h1>\n\t\t\n<style>\n#text-1458772173 {\n  font-size: 0.75rem;\n  line-height: 0.75;\n  color: rgb(255,255,255);\n}\n#text-1458772173 > * {\n  color: rgb(255,255,255);\n}\n<\/style>\n\t<\/div>\n\t\n\t<div id=\"text-1116608815\" class=\"text\">\n\t\t\n\n<h3 class=\"thin-font\" data-line-height=\"s\" data-padding=\"20px\">No stress on Cres \u2013 where time moves a little slower<\/h3>\n\t\t\n<style>\n#text-1116608815 {\n  font-size: 0.75rem;\n  line-height: 2;\n}\n@media (min-width:550px) {\n  #text-1116608815 {\n    font-size: 0.75rem;\n  }\n}\n<\/style>\n\t<\/div>\n\t\n\t<div id=\"text-801062630\" class=\"text\">\n\t\t\n\n<p>A peaceful island of nature, history, and crystal-clear sea<\/p>\n\t\t\n<style>\n#text-801062630 {\n  font-size: 0.95rem;\n  text-align: center;\n  color: rgb(255, 255, 255);\n}\n#text-801062630 > * {\n  color: rgb(255, 255, 255);\n}\n@media (min-width:550px) {\n  #text-801062630 {\n    font-size: 0.95rem;\n  }\n}\n<\/style>\n\t<\/div>\n\t\n\n              <\/div>\n           <\/div>\n                            \n<style>\n#text-box-190352711 {\n  margin: 0px 0px 0px 0px;\n  width: 100%;\n}\n#text-box-190352711 .text-inner {\n  padding: 200px 0px 0px 0px;\n}\n#text-box-190352711 .text-box-content {\n  font-size: 65%;\n}\n@media (min-width:550px) {\n  #text-box-190352711 {\n    margin: 0px 0px 0px 220px;\n    width: 57%;\n  }\n  #text-box-190352711 .text-inner {\n    padding: 240px 0px 0px 0px;\n  }\n}\n<\/style>\n    <\/div>\n \n\n        <\/div>\n      <\/div>\n\n            \n<style>\n#banner-814451949 {\n  padding-top: 118.07%;\n  background-color: #ffffff;\n}\n#banner-814451949 .overlay {\n  background-color: rgba(0, 0, 0, 0.442);\n}\n#banner-814451949 .banner-bg img {\n  object-position: 28% 55%;\n}\n@media (min-width:550px) {\n  #banner-814451949 {\n    padding-top: 56.25%;\n  }\n}\n<\/style>\n  <\/div>\n\n\n\n\t\t<\/div>\n\n\t\t\n<style>\n#section_119406898 {\n  padding-top: 30px;\n  padding-bottom: 30px;\n}\n<\/style>\n\t<\/section>\n\t\n\n\t<section class=\"section\" id=\"section_512994646\">\n\t\t<div class=\"section-bg fill\" >\n\t\t\t\t\t\t\t\t\t\n\t\t\t\n\n\t\t<\/div>\n\n\t\t\n\n\t\t<div class=\"section-content relative\">\n\t\t\t\n\n<div class=\"row\"  id=\"row-557672404\">\n\n\n\t<div id=\"col-1523704220\" class=\"col medium-6 small-12 large-6\"  >\n\t\t\t\t<div class=\"col-inner\"  >\n\t\t\t\n\t\t\t\n\n\t<div id=\"text-2986601589\" class=\"text\">\n\t\t\n\n<h2>Discover Cres Island<\/h2>\n<p>Cres is one of the largest islands in the Adriatic Sea, known for its untouched nature, quiet atmosphere, and authentic Mediterranean charm.<\/p>\n<p>Unlike more crowded destinations, Cres offers a relaxed pace of life, clear sea, historic towns, and beautiful walking paths along the coast and through nature reserves.<\/p>\n\t\t\n<style>\n#text-2986601589 {\n  color: rgb(0, 0, 0);\n}\n#text-2986601589 > * {\n  color: rgb(0, 0, 0);\n}\n<\/style>\n\t<\/div>\n\t\n\n\t\t<\/div>\n\t\t\t\t\t<\/div>\n\n\t\n\n\t<div id=\"col-1858432295\" class=\"col medium-6 small-12 large-6\"  >\n\t\t\t\t<div class=\"col-inner\"  >\n\t\t\t\n\t\t\t\n\n\t<div id=\"text-1019264406\" class=\"text\">\n\t\t\n\n<h2>Nature &amp; Beaches<\/h2>\n<p>The island is famous for its crystal-clear sea, hidden coves, and natural beaches surrounded by pine forests and rocks.<\/p>\n<p>Cres is also home to the protected griffon vulture and several nature reserves, making it an ideal destination for nature lovers, swimmers, and hikers.<\/p>\n\t\t\n<style>\n#text-1019264406 {\n  color: rgb(0, 0, 0);\n}\n#text-1019264406 > * {\n  color: rgb(0, 0, 0);\n}\n<\/style>\n\t<\/div>\n\t\n\n\t\t<\/div>\n\t\t\t\t\t<\/div>\n\n\t\n\n<\/div>\n<div class=\"row\"  id=\"row-1934678649\">\n\n\n\t<div id=\"col-1602923071\" class=\"col medium-6 small-12 large-6\"  >\n\t\t\t\t<div class=\"col-inner\"  >\n\t\t\t\n\t\t\t\n\n\t<div id=\"text-3337468605\" class=\"text\">\n\t\t\n\n<h2>The Town of Cres<\/h2>\n<p>The town of Cres is a historic coastal settlement with narrow stone streets, small squares, local restaurants, and a lively harbor.<\/p>\n<p>Everything is within walking distance \u2013 beaches, shops, caf\u00e9s, and traditional taverns \u2013 making it easy to explore without a car.<\/p>\n\t\t\n<style>\n#text-3337468605 {\n  color: rgb(0, 0, 0);\n}\n#text-3337468605 > * {\n  color: rgb(0, 0, 0);\n}\n<\/style>\n\t<\/div>\n\t\n\n\t\t<\/div>\n\t\t\t\t\t<\/div>\n\n\t\n\n\t<div id=\"col-1370968523\" class=\"col medium-6 small-12 large-6\"  >\n\t\t\t\t<div class=\"col-inner\"  >\n\t\t\t\n\t\t\t\n\n\t<div id=\"text-2500121533\" class=\"text\">\n\t\t\n\n<h2>Why guests love Cres<\/h2>\n<p>\u2022 Calm and uncrowded atmosphere <br \/>\u2022 Clean sea and natural beaches <br \/>\u2022 Walkable towns and coastline <br \/>\u2022 Authentic local culture <br \/>\u2022 Ideal for couples, families, and nature lovers<\/p>\n\t\t\n<style>\n#text-2500121533 {\n  color: rgb(0, 0, 0);\n}\n#text-2500121533 > * {\n  color: rgb(0, 0, 0);\n}\n<\/style>\n\t<\/div>\n\t\n\n\t\t<\/div>\n\t\t\t\t\t<\/div>\n\n\t\n\n<\/div>\n\n\t\t<\/div>\n\n\t\t\n<style>\n#section_512994646 {\n  padding-top: 30px;\n  padding-bottom: 30px;\n}\n<\/style>\n\t<\/section>\n\t\n\n\t<section class=\"section\" id=\"section_1232963183\">\n\t\t<div class=\"section-bg fill\" >\n\t\t\t\t\t\t\t\t\t\n\t\t\t\n\n\t\t<\/div>\n\n\t\t\n\n\t\t<div class=\"section-content relative\">\n\t\t\t\n\n<div class=\"row\"  id=\"row-268750192\">\n\n\n\t<div id=\"col-113886870\" class=\"col medium-3 small-12 large-3\"  >\n\t\t\t\t<div class=\"col-inner\"  >\n\t\t\t\n\t\t\t\n\n\t<div id=\"text-2445762684\" class=\"text\">\n\t\t\n\n<h2 data-start=\"1503\" data-end=\"1512\"><strong data-start=\"1473\" data-end=\"1501\">Discover Cres from Above<\/strong><\/h2>\n<p data-start=\"1514\" data-end=\"1695\">This short aerial video captures the unique atmosphere of Cres Island \u2013 the historic old town, the crystal-clear Adriatic Sea, and the peaceful surroundings near Apartments Medari\u0107.<\/p>\n<p data-start=\"1697\" data-end=\"1783\">Cres is known for its calm Mediterranean charm, natural beauty, and relaxed lifestyle.<\/p>\n\t\t\n<style>\n#text-2445762684 {\n  text-align: left;\n}\n<\/style>\n\t<\/div>\n\t\n\n\t\t<\/div>\n\t\t\t\t\t<\/div>\n\n\t\n\n\t<div id=\"col-1099508382\" class=\"col medium-9 small-12 large-9\"  >\n\t\t\t\t<div class=\"col-inner\"  >\n\t\t\t\n\t\t\t\n\n\n\n<div class=\"yt-lite\" data-video=\"QCn0peRWTyM\" style=\"max-width: 1100px; margin: 0 auto;\">\n  <button class=\"yt-lite__btn\" type=\"button\" aria-label=\"Play video\">\n    <img\n      class=\"yt-lite__poster\"\n      src=\"https:\/\/medaric.com\/wp-content\/uploads\/2026\/02\/dji_fly_20231206_091048_774_1701938782916_photo-scaled-e1771759669869.jpg\"\n      alt=\"Aerial drone view of Cres old town, harbour and Melin II near Apartments Medari\u0107\"\n      loading=\"lazy\"\n      decoding=\"async\"\n    \/>\n    <span class=\"yt-lite__play\" aria-hidden=\"true\"><\/span>\n  <\/button>\n<\/div>\n\n<style>\n  .yt-lite {\n    position: relative;\n    width: 100%;\n    aspect-ratio: 16 \/ 9;\n    border-radius: 14px;\n    overflow: hidden;\n  }\n\n  .yt-lite__btn {\n    all: unset;\n    cursor: pointer;\n    display: block;\n    width: 100%;\n    height: 100%;\n    position: relative;\n  }\n\n  .yt-lite__poster {\n    width: 100%;\n    height: 100%;\n    object-fit: cover;\n    display: block;\n  }\n\n  .yt-lite__play {\n    position: absolute;\n    inset: 0;\n    margin: auto;\n    width: 78px;\n    height: 54px;\n    border-radius: 14px;\n    background: rgba(0,0,0,.55);\n    display: flex;\n    align-items: center;\n    justify-content: center;\n    box-shadow: 0 10px 30px rgba(0,0,0,.35);\n  }\n\n  .yt-lite__play:before {\n    content: \"\";\n    display: block;\n    width: 0;\n    height: 0;\n    border-left: 18px solid #fff;\n    border-top: 12px solid transparent;\n    border-bottom: 12px solid transparent;\n    margin-left: 4px;\n  }\n\n  .yt-lite iframe {\n    width: 100%;\n    height: 100%;\n    border: 0;\n    display: block;\n  }\n<\/style>\n\n<script>\n  (function(){\n    const el = document.querySelector('.yt-lite[data-video=\"QCn0peRWTyM\"]');\n    if(!el) return;\n\n    const btn = el.querySelector('.yt-lite__btn');\n    const id  = el.getAttribute('data-video');\n\n    btn.addEventListener('click', function(){\n      const iframe = document.createElement('iframe');\n\n      const src =\n        'https:\/\/www.youtube-nocookie.com\/embed\/' + encodeURIComponent(id) +\n        '?autoplay=1' +\n        '&playsinline=1' +\n        '&rel=0' +\n        '&modestbranding=1' +\n        '&iv_load_policy=3' +\n        '&controls=1';\n\n      iframe.setAttribute('src', src);\n      iframe.setAttribute('title', 'Cres aerial drone video');\n      iframe.setAttribute('allow', 'autoplay; encrypted-media; picture-in-picture');\n      iframe.setAttribute('allowfullscreen', '');\n\n      el.innerHTML = '';\n      el.appendChild(iframe);\n    });\n  })();\n<\/script>\n<\/script>\n\n\n\t\t<\/div>\n\t\t\t\t\t<\/div>\n\n\t\n\n<\/div>\n\n\t\t<\/div>\n\n\t\t\n<style>\n#section_1232963183 {\n  padding-top: 0px;\n  padding-bottom: 0px;\n  background-color: #f2f7fc;\n}\n@media (min-width:550px) {\n  #section_1232963183 {\n    padding-top: 30px;\n    padding-bottom: 30px;\n  }\n}\n<\/style>\n\t<\/section>\n\t\n<div class=\"row\"  id=\"row-1177561622\">\n\n\n\t<div id=\"col-1456553372\" class=\"col medium-7 small-12 large-7\"  >\n\t\t\t\t<div class=\"col-inner\"  >\n\t\t\t\n\t\t\t\n\n\t<div id=\"text-208458141\" class=\"text\">\n\t\t\n\n<h2>\u00a0\u201cNo stress on Cres\u201d<\/h2>\n<p>\u00a0A local way of life shaped by nature, simplicity, and calm Mediterranean rhythms.<\/p>\n\t\t\n<style>\n#text-208458141 {\n  text-align: left;\n  color: rgb(0,0,0);\n}\n#text-208458141 > * {\n  color: rgb(0,0,0);\n}\n@media (min-width:550px) {\n  #text-208458141 {\n    text-align: left;\n  }\n}\n<\/style>\n\t<\/div>\n\t\n\n\t\t<\/div>\n\t\t\t\t\t<\/div>\n\n\t\n\n<\/div>\n\n\t<section class=\"section\" id=\"section_2021768813\">\n\t\t<div class=\"section-bg fill\" >\n\t\t\t\t\t\t\t\t\t\n\t\t\t\n\n\t\t<\/div>\n\n\t\t\n\n\t\t<div class=\"section-content relative\">\n\t\t\t\n\n<div class=\"row\"  id=\"row-503289455\">\n\n\n\t<div id=\"col-114314146\" class=\"col small-12 large-12\"  >\n\t\t\t\t<div class=\"col-inner\"  >\n\t\t\t\n\t\t\t\n\n\t<div id=\"text-3410256239\" class=\"text\">\n\t\t\n\n<h2 style=\"text-align: left;\">Olive Trees &amp; Local Olive Oil<\/h2>\n<p style=\"text-align: left;\">On Cres, olive trees are everywhere \u2013 and almost every local family produces their own olive oil.<\/p>\n<p style=\"text-align: left;\">The northern Adriatic climate gives Cres olive oil a distinctive character, often considered among the finest in Croatia. It\u2019s a quiet pride of the island and an essential part of daily life.<\/p>\n<p style=\"text-align: left;\">Olive trees are part of everyday life on the island \u2013 a symbol of simplicity, patience, and a slower pace of living.<\/p>\n\t\t\n<style>\n#text-3410256239 {\n  text-align: left;\n  color: rgb(0,0,0);\n}\n#text-3410256239 > * {\n  color: rgb(0,0,0);\n}\n<\/style>\n\t<\/div>\n\t\n\n\t\t<\/div>\n\t\t\t\t\t<\/div>\n\n\t\n\n<\/div>\n<h5 style=\"text-align: center;\">Accommodation in Cres, Croatia<\/h5>\n\n\t<section class=\"section\" id=\"section_2080936863\">\n\t\t<div class=\"section-bg fill\" >\n\t\t\t\t\t\t\t\t\t\n\t\t\t\n\n\t\t<\/div>\n\n\t\t\n\n\t\t<div class=\"section-content relative\">\n\t\t\t\n\n<div class=\"row\"  id=\"row-586295381\">\n\n\n\t<div id=\"col-1377289288\" class=\"col small-12 large-12\"  >\n\t\t\t\t<div class=\"col-inner\"  >\n\t\t\t\n\t\t\t\n\n\t<div id=\"text-4202930514\" class=\"text\">\n\t\t\n\n<h2>Our Apartments<\/h2>\n\t\t\n<style>\n#text-4202930514 {\n  text-align: center;\n  color: rgb(4, 62, 93);\n}\n#text-4202930514 > * {\n  color: rgb(4, 62, 93);\n}\n<\/style>\n\t<\/div>\n\t\n\n\n<span id=\"apartments\"><\/span>\n\n\n\t\t<\/div>\n\t\t\t\t\t<\/div>\n\n\t\n\n<\/div>\n<div class=\"row align-equal align-center\"  id=\"row-960871825\">\n\n\n\t<div id=\"col-225717991\" class=\"col Position: Relative medium-4 small-12 large-4\"  >\n\t\t\t\t<div class=\"col-inner\"  >\n\t\t\t\n\t\t\t\n\n\t<div class=\"box has-hover ap-card  has-hover box-text-bottom\" >\n\n\t\t<div class=\"box-image\" style=\"border-radius:5%;\">\n\t\t\t<a href=\"https:\/\/medaric.com\/apartment-deepblue-1\/\" >\t\t\t<div class=\"image-zoom image-cover\" style=\"padding-top:75%;\">\n\t\t\t\t<img loading=\"lazy\" decoding=\"async\" width=\"1279\" height=\"960\" src=\"https:\/\/medaric.com\/wp-content\/uploads\/2026\/02\/Deepblue_kichen1.avif\" class=\"attachment- size-\" alt=\"Fully equipped kitchen\" srcset=\"https:\/\/medaric.com\/wp-content\/uploads\/2026\/02\/Deepblue_kichen1.avif 1279w, https:\/\/medaric.com\/wp-content\/uploads\/2026\/02\/Deepblue_kichen1-300x225.avif 300w, https:\/\/medaric.com\/wp-content\/uploads\/2026\/02\/Deepblue_kichen1-1024x769.avif 1024w, https:\/\/medaric.com\/wp-content\/uploads\/2026\/02\/Deepblue_kichen1-768x576.avif 768w, https:\/\/medaric.com\/wp-content\/uploads\/2026\/02\/Deepblue_kichen1-600x450.avif 600w\" sizes=\"auto, (max-width: 1279px) 100vw, 1279px\" \/>\t\t\t\t\t\t\t\t\t\t\t<\/div>\n\t\t\t<\/a>\t\t<\/div>\n\n\t\t<div class=\"box-text text-center\" >\n\t\t\t<div class=\"box-text-inner\">\n\t\t\t\t\n\n\t<div id=\"text-43436347\" class=\"text\">\n\t\t\n\n<h3>Deepblue 1<\/h3>\n<p>Sleeps 4 \u00b7 1 bedroom \u00b7 1 bathroom<\/p>\n\t\t\n<style>\n#text-43436347 {\n  text-align: center;\n  color: rgb(4, 62, 93);\n}\n#text-43436347 > * {\n  color: rgb(4, 62, 93);\n}\n<\/style>\n\t<\/div>\n\t\n<a href=\"\/Apartment%20Deepblue%201\/#Availability_AP1\" class=\"button primary is-shade box-shadow-3 box-shadow-5-hover lowercase\" style=\"border-radius:5px;\">\n\t\t<span>Check availability<\/span>\n\t<\/a>\n\n\n\n\t\t\t<\/div>\n\t\t<\/div>\n\t<\/div>\n\t\n\n\t\t<\/div>\n\t\t\t\t\n<style>\n#col-225717991 > .col-inner {\n  padding: -20px 0px 0px 0px;\n}\n<\/style>\n\t<\/div>\n\n\t\n\n\t<div id=\"col-1729250745\" class=\"col medium-4 small-12 large-4\"  >\n\t\t\t\t<div class=\"col-inner\"  >\n\t\t\t\n\t\t\t\n\n\t<div class=\"box has-hover   has-hover box-text-bottom\" >\n\n\t\t<div class=\"box-image\" style=\"border-radius:6%;\">\n\t\t\t<a href=\"https:\/\/medaric.com\/apartment-speranza-2\/\" >\t\t\t<div class=\"image-zoom image-cover\" style=\"padding-top:75%;\">\n\t\t\t\t<img loading=\"lazy\" decoding=\"async\" width=\"1440\" height=\"960\" src=\"https:\/\/medaric.com\/wp-content\/uploads\/2026\/02\/Speranza_1.avif\" class=\"attachment- size-\" alt=\"Garden Patio\" srcset=\"https:\/\/medaric.com\/wp-content\/uploads\/2026\/02\/Speranza_1.avif 1440w, https:\/\/medaric.com\/wp-content\/uploads\/2026\/02\/Speranza_1-300x200.avif 300w, https:\/\/medaric.com\/wp-content\/uploads\/2026\/02\/Speranza_1-1024x683.avif 1024w, https:\/\/medaric.com\/wp-content\/uploads\/2026\/02\/Speranza_1-768x512.avif 768w, https:\/\/medaric.com\/wp-content\/uploads\/2026\/02\/Speranza_1-600x400.avif 600w\" sizes=\"auto, (max-width: 1440px) 100vw, 1440px\" \/>\t\t\t\t\t\t\t\t\t\t\t<\/div>\n\t\t\t<\/a>\t\t<\/div>\n\n\t\t<div class=\"box-text text-center\" >\n\t\t\t<div class=\"box-text-inner\">\n\t\t\t\t\n\n\t<div id=\"text-3097991342\" class=\"text\">\n\t\t\n\n<h3>Speranza 2<\/h3>\n<p>Sleeps 3 \u00b7 1 bedroom \u00b7 1 bathroom<\/p>\n\t\t\n<style>\n#text-3097991342 {\n  text-align: center;\n  color: rgb(4, 62, 93);\n}\n#text-3097991342 > * {\n  color: rgb(4, 62, 93);\n}\n<\/style>\n\t<\/div>\n\t\n<a href=\"\/Apartment%20Speranza%202\/#Availability_AP2\" class=\"button primary is-shade box-shadow-3 box-shadow-5-hover lowercase\" style=\"border-radius:5px;\">\n\t\t<span>Check availability<\/span>\n\t<\/a>\n\n\n\n\t\t\t<\/div>\n\t\t<\/div>\n\t<\/div>\n\t\n\n\t\t<\/div>\n\t\t\t\t\t<\/div>\n\n\t\n\n\t<div id=\"col-791142145\" class=\"col medium-4 small-12 large-4\"  >\n\t\t\t\t<div class=\"col-inner\"  >\n\t\t\t\n\t\t\t\n\n\t<div class=\"box has-hover   has-hover box-text-bottom\" >\n\n\t\t<div class=\"box-image\" style=\"border-radius:6%;\">\n\t\t\t<a href=\"https:\/\/medaric.com\/apartment-orangina-3\/\" >\t\t\t<div class=\"image-zoom image-cover\" style=\"padding-top:75%;\">\n\t\t\t\t<img loading=\"lazy\" decoding=\"async\" width=\"960\" height=\"455\" src=\"https:\/\/medaric.com\/wp-content\/uploads\/2026\/02\/Orangina-1.avif\" class=\"attachment- size-\" alt=\"Kichen\" srcset=\"https:\/\/medaric.com\/wp-content\/uploads\/2026\/02\/Orangina-1.avif 960w, https:\/\/medaric.com\/wp-content\/uploads\/2026\/02\/Orangina-1-300x142.avif 300w, https:\/\/medaric.com\/wp-content\/uploads\/2026\/02\/Orangina-1-768x364.avif 768w, https:\/\/medaric.com\/wp-content\/uploads\/2026\/02\/Orangina-1-600x284.avif 600w\" sizes=\"auto, (max-width: 960px) 100vw, 960px\" \/>\t\t\t\t\t\t\t\t\t\t\t<\/div>\n\t\t\t<\/a>\t\t<\/div>\n\n\t\t<div class=\"box-text text-center\" >\n\t\t\t<div class=\"box-text-inner\">\n\t\t\t\t\n\n\t<div id=\"text-2228006130\" class=\"text\">\n\t\t\n\n<h3>Orangina 3<\/h3>\n<p>Sleeps 4 \u00b7 1 bedroom \u00b7 1 bathroom<\/p>\n\t\t\n<style>\n#text-2228006130 {\n  text-align: center;\n  color: rgb(4, 62, 93);\n}\n#text-2228006130 > * {\n  color: rgb(4, 62, 93);\n}\n<\/style>\n\t<\/div>\n\t\n<a href=\"\/Apartment%20Orangina%203\/#Availability_AP3\" class=\"button primary is-shade box-shadow-3 box-shadow-5-hover lowercase\" style=\"border-radius:5px;\">\n\t\t<span>Check availability<\/span>\n\t<\/a>\n\n\n\n\t\t\t<\/div>\n\t\t<\/div>\n\t<\/div>\n\t\n\n\t\t<\/div>\n\t\t\t\t\t<\/div>\n\n\t\n\n<\/div>\n\n\t\t<\/div>\n\n\t\t\n<style>\n#section_2080936863 {\n  padding-top: 0px;\n  padding-bottom: 0px;\n  background-color: rgba(221, 233, 246, 0.378);\n}\n<\/style>\n\t<\/section>\n\t\n\n\n\t\t<\/div>\n\n\t\t\n<style>\n#section_2021768813 {\n  padding-top: 0px;\n  padding-bottom: 0px;\n}\n@media (min-width:550px) {\n  #section_2021768813 {\n    padding-top: 30px;\n    padding-bottom: 30px;\n  }\n}\n<\/style>\n\t<\/section>\n\t\n<p style=\"text-align: center;\">Looking for <a href=\"\/\">accommodation in Cres<\/a>\u00a0? Explore our modern seaside apartments near the beach.<\/p>\n\n","protected":false},"excerpt":{"rendered":"","protected":false},"author":1,"featured_media":0,"parent":0,"menu_order":0,"comment_status":"closed","ping_status":"closed","template":"","meta":{"footnotes":""},"class_list":["post-381","page","type-page","status-publish","hentry"],"yoast_head":"<!-- This site is optimized with the Yoast SEO plugin v26.9 - https:\/\/yoast.com\/product\/yoast-seo-wordpress\/ -->\n<title>About Cres - Apartments Medaric<\/title>\n<meta name=\"description\" content=\"Cres is one of the largest islands in the Adriatic Sea, known for its untouched nature, quiet atmosphere, and authentic Mediterranean charm.\" \/>\n<meta name=\"robots\" content=\"index, follow, max-snippet:-1, max-image-preview:large, max-video-preview:-1\" \/>\n<link rel=\"canonical\" href=\"https:\/\/medaric.com\/hr\/cres\/\" \/>\n<meta property=\"og:locale\" content=\"hr_HR\" \/>\n<meta property=\"og:type\" content=\"article\" \/>\n<meta property=\"og:title\" content=\"About Cres - Apartments Medaric\" \/>\n<meta property=\"og:description\" content=\"Cres is one of the largest islands in the Adriatic Sea, known for its untouched nature, quiet atmosphere, and authentic Mediterranean charm.\" \/>\n<meta property=\"og:url\" content=\"https:\/\/medaric.com\/hr\/cres\/\" \/>\n<meta property=\"og:site_name\" content=\"Apartments Medaric\" \/>\n<meta property=\"article:modified_time\" content=\"2026-02-26T09:01:08+00:00\" \/>\n<meta name=\"twitter:card\" content=\"summary_large_image\" \/>\n<script type=\"application\/ld+json\" class=\"yoast-schema-graph\">{\"@context\":\"https:\/\/schema.org\",\"@graph\":[{\"@type\":\"WebPage\",\"@id\":\"https:\/\/medaric.com\/cres\/\",\"url\":\"https:\/\/medaric.com\/cres\/\",\"name\":\"About Cres - Apartments Medaric\",\"isPartOf\":{\"@id\":\"https:\/\/medaric.com\/#website\"},\"datePublished\":\"2026-02-08T12:30:01+00:00\",\"dateModified\":\"2026-02-26T09:01:08+00:00\",\"description\":\"Cres is one of the largest islands in the Adriatic Sea, known for its untouched nature, quiet atmosphere, and authentic Mediterranean charm.\",\"breadcrumb\":{\"@id\":\"https:\/\/medaric.com\/cres\/#breadcrumb\"},\"inLanguage\":\"hr\",\"potentialAction\":[{\"@type\":\"ReadAction\",\"target\":[\"https:\/\/medaric.com\/cres\/\"]}]},{\"@type\":\"BreadcrumbList\",\"@id\":\"https:\/\/medaric.com\/cres\/#breadcrumb\",\"itemListElement\":[{\"@type\":\"ListItem\",\"position\":1,\"name\":\"Home\",\"item\":\"https:\/\/medaric.com\/\"},{\"@type\":\"ListItem\",\"position\":2,\"name\":\"Cres\"}]},{\"@type\":\"WebSite\",\"@id\":\"https:\/\/medaric.com\/#website\",\"url\":\"https:\/\/medaric.com\/\",\"name\":\"Apartments Medaric Cres\",\"description\":\"Apartments Medaric Cres\",\"publisher\":{\"@id\":\"https:\/\/medaric.com\/#\/schema\/person\/5b26bf784c8eb0e0d2e830c29f15aa09\"},\"potentialAction\":[{\"@type\":\"SearchAction\",\"target\":{\"@type\":\"EntryPoint\",\"urlTemplate\":\"https:\/\/medaric.com\/?s={search_term_string}\"},\"query-input\":{\"@type\":\"PropertyValueSpecification\",\"valueRequired\":true,\"valueName\":\"search_term_string\"}}],\"inLanguage\":\"hr\"},{\"@type\":[\"Person\",\"Organization\"],\"@id\":\"https:\/\/medaric.com\/#\/schema\/person\/5b26bf784c8eb0e0d2e830c29f15aa09\",\"name\":\"sasa.albert@gmail.com\",\"image\":{\"@type\":\"ImageObject\",\"inLanguage\":\"hr\",\"@id\":\"https:\/\/medaric.com\/#\/schema\/person\/image\/\",\"url\":\"https:\/\/medaric.com\/wp-content\/uploads\/2026\/02\/LOGO2-removebg-preview-e1770132114834.png\",\"contentUrl\":\"https:\/\/medaric.com\/wp-content\/uploads\/2026\/02\/LOGO2-removebg-preview-e1770132114834.png\",\"width\":388,\"height\":90,\"caption\":\"sasa.albert@gmail.com\"},\"logo\":{\"@id\":\"https:\/\/medaric.com\/#\/schema\/person\/image\/\"},\"sameAs\":[\"https:\/\/medaric.com\"]}]}<\/script>\n<!-- \/ Yoast SEO plugin. -->","yoast_head_json":{"title":"About Cres - Apartments Medaric","description":"Cres je jedan od najve\u0107ih otoka u Jadranskom moru, poznat po netaknutoj prirodi, mirnoj atmosferi i autenti\u010dnom mediteranskom \u0161armu.","robots":{"index":"index","follow":"follow","max-snippet":"max-snippet:-1","max-image-preview":"max-image-preview:large","max-video-preview":"max-video-preview:-1"},"canonical":"https:\/\/medaric.com\/hr\/cres\/","og_locale":"hr_HR","og_type":"article","og_title":"About Cres - Apartments Medaric","og_description":"Cres is one of the largest islands in the Adriatic Sea, known for its untouched nature, quiet atmosphere, and authentic Mediterranean charm.","og_url":"https:\/\/medaric.com\/hr\/cres\/","og_site_name":"Apartments Medaric","article_modified_time":"2026-02-26T09:01:08+00:00","twitter_card":"summary_large_image","schema":{"@context":"https:\/\/schema.org","@graph":[{"@type":"WebPage","@id":"https:\/\/medaric.com\/cres\/","url":"https:\/\/medaric.com\/cres\/","name":"About Cres - Apartments Medaric","isPartOf":{"@id":"https:\/\/medaric.com\/#website"},"datePublished":"2026-02-08T12:30:01+00:00","dateModified":"2026-02-26T09:01:08+00:00","description":"Cres je jedan od najve\u0107ih otoka u Jadranskom moru, poznat po netaknutoj prirodi, mirnoj atmosferi i autenti\u010dnom mediteranskom \u0161armu.","breadcrumb":{"@id":"https:\/\/medaric.com\/cres\/#breadcrumb"},"inLanguage":"hr","potentialAction":[{"@type":"ReadAction","target":["https:\/\/medaric.com\/cres\/"]}]},{"@type":"BreadcrumbList","@id":"https:\/\/medaric.com\/cres\/#breadcrumb","itemListElement":[{"@type":"ListItem","position":1,"name":"Home","item":"https:\/\/medaric.com\/"},{"@type":"ListItem","position":2,"name":"Cres"}]},{"@type":"WebSite","@id":"https:\/\/medaric.com\/#website","url":"https:\/\/medaric.com\/","name":"Apartmani Cres Medaric","description":"Apartmani Cres Medaric","publisher":{"@id":"https:\/\/medaric.com\/#\/schema\/person\/5b26bf784c8eb0e0d2e830c29f15aa09"},"potentialAction":[{"@type":"SearchAction","target":{"@type":"EntryPoint","urlTemplate":"https:\/\/medaric.com\/?s={search_term_string}"},"query-input":{"@type":"PropertyValueSpecification","valueRequired":true,"valueName":"search_term_string"}}],"inLanguage":"hr"},{"@type":["Person","Organization"],"@id":"https:\/\/medaric.com\/#\/schema\/person\/5b26bf784c8eb0e0d2e830c29f15aa09","name":"sasa.albert@gmail.com","image":{"@type":"ImageObject","inLanguage":"hr","@id":"https:\/\/medaric.com\/#\/schema\/person\/image\/","url":"https:\/\/medaric.com\/wp-content\/uploads\/2026\/02\/LOGO2-removebg-preview-e1770132114834.png","contentUrl":"https:\/\/medaric.com\/wp-content\/uploads\/2026\/02\/LOGO2-removebg-preview-e1770132114834.png","width":388,"height":90,"caption":"sasa.albert@gmail.com"},"logo":{"@id":"https:\/\/medaric.com\/#\/schema\/person\/image\/"},"sameAs":["https:\/\/medaric.com"]}]}},"_links":{"self":[{"href":"https:\/\/medaric.com\/hr\/wp-json\/wp\/v2\/pages\/381","targetHints":{"allow":["GET"]}}],"collection":[{"href":"https:\/\/medaric.com\/hr\/wp-json\/wp\/v2\/pages"}],"about":[{"href":"https:\/\/medaric.com\/hr\/wp-json\/wp\/v2\/types\/page"}],"author":[{"embeddable":true,"href":"https:\/\/medaric.com\/hr\/wp-json\/wp\/v2\/users\/1"}],"replies":[{"embeddable":true,"href":"https:\/\/medaric.com\/hr\/wp-json\/wp\/v2\/comments?post=381"}],"version-history":[{"count":23,"href":"https:\/\/medaric.com\/hr\/wp-json\/wp\/v2\/pages\/381\/revisions"}],"predecessor-version":[{"id":794,"href":"https:\/\/medaric.com\/hr\/wp-json\/wp\/v2\/pages\/381\/revisions\/794"}],"wp:attachment":[{"href":"https:\/\/medaric.com\/hr\/wp-json\/wp\/v2\/media?parent=381"}],"curies":[{"name":"wp","href":"https:\/\/api.w.org\/{rel}","templated":true}]}}