{"id":3,"date":"2026-02-03T15:03:47","date_gmt":"2026-02-03T15:03:47","guid":{"rendered":"https:\/\/medaric.com\/?page_id=3"},"modified":"2026-02-21T06:47:50","modified_gmt":"2026-02-21T06:47:50","slug":"datenschutzbestimmungen","status":"publish","type":"page","link":"https:\/\/medaric.com\/de\/datenschutzbestimmungen\/","title":{"rendered":"Datenschutzerkl\u00e4rung"},"content":{"rendered":"<div id=\"page-header-341222149\" class=\"page-header-wrapper\">\n  <div class=\"page-title dark featured-title\">\n\n    \n    <div class=\"page-title-inner container align-center flex-row medium-flex-wrap row-reverse\" >\n              <div class=\"title-wrapper flex-col text-right medium-text-center\">\n          <h1 class=\"entry-title mb-0\">\n            Datenschutzerkl\u00e4rung          <\/h1>\n        <\/div>\n                    <div class=\"title-content flex-col flex-left text-left medium-text-center\">\n              <\/div>\n    <\/div>\n\n       <\/div>\n    <\/div>\n  \n\n\n\t<section class=\"section\" id=\"section_585269331\">\n\t\t<div class=\"section-bg fill\" >\n\t\t\t\t\t\t\t\t\t\n\t\t\t\n\n\t\t<\/div>\n\n\t\t\n\n\t\t<div class=\"section-content relative\">\n\t\t\t\n\n<div class=\"row\"  id=\"row-816451435\">\n\n\n\t<div id=\"col-1823169713\" class=\"col small-12 large-12\"  >\n\t\t\t\t<div class=\"col-inner\"  >\n\t\t\t\n\t\t\t\n\n<p>Datenschutzerkl\u00e4rung<\/p>\n<p>Apartments Medari\u0107 respektiert Ihre Privatsph\u00e4re.<\/p>\n<p>Diese website erheben keine pers\u00f6nlichen Daten \u00fcber Formulare, Benutzer-accounts oder im Newsletter. Wir verwenden keine tracking-cookies, Werbe-cookies oder third-party-analytics-tools.<\/p>\n<p>Wenn Sie Kontakt mit uns \u00fcber E-Mail oder Telefon, werden Ihre pers\u00f6nlichen Daten werden ausschlie\u00dflich zum Zweck der Beantwortung Ihrer Anfrage und werden nicht an Dritte weitergegeben.<\/p>\n<p>Diese website kann links zu Drittanbieter-Diensten wie Airbnb oder Google Maps. Wir sind nicht verantwortlich f\u00fcr die Datenschutz-Praktiken dieser anderen websites.<\/p>\n<p>F\u00fcr alle Fragen zum Datenschutz, k\u00f6nnen Sie uns Kontaktieren unter:<br \/>info@medaric.com<\/p>\n\n\t\t<\/div>\n\t\t\t\t\t<\/div>\n\n\t\n\n<\/div>\n\t<div id=\"gap-1302561396\" class=\"gap-element clearfix\" style=\"display:block; height:auto;\">\n\t\t\n<style>\n#gap-1302561396 {\n  padding-top: 30px;\n}\n<\/style>\n\t<\/div>\n\t\n\n\n\t<section class=\"section\" id=\"section_858453197\">\n\t\t<div class=\"section-bg fill\" >\n\t\t\t\t\t\t\t\t\t\n\t\t\t\n\n\t\t<\/div>\n\n\t\t\n\n\t\t<div class=\"section-content relative\">\n\t\t\t\n\n<div class=\"row\"  id=\"row-2045702344\">\n\n\n\t<div id=\"col-1002169989\" class=\"col small-12 large-12\"  >\n\t\t\t\t<div class=\"col-inner\"  >\n\t\t\t\n\t\t\t\n\n\t<div id=\"text-1207804709\" class=\"text\">\n\t\t\n\n<h2>Unsere Apartments<\/h2>\n\t\t\n<style>\n#text-1207804709 {\n  text-align: center;\n  color: rgb(4, 62, 93);\n}\n#text-1207804709 > * {\n  color: rgb(4, 62, 93);\n}\n<\/style>\n\t<\/div>\n\t\n\n\n<span id=\"apartments\"><\/span>\n\n\n\t\t<\/div>\n\t\t\t\t\t<\/div>\n\n\t\n\n<\/div>\n<div class=\"row align-equal align-center\"  id=\"row-948426685\">\n\n\n\t<div id=\"col-299076355\" class=\"col Position: Relative medium-4 small-12 large-4\"  >\n\t\t\t\t<div class=\"col-inner\"  >\n\t\t\t\n\t\t\t\n\n\t<div class=\"box has-hover ap-card  has-hover box-text-bottom\" >\n\n\t\t<div class=\"box-image\" style=\"border-radius:5%;\">\n\t\t\t<a href=\"https:\/\/medaric.com\/de\/wohnung-tiefblau-1\/\" >\t\t\t<div class=\"image-zoom image-cover\" style=\"padding-top:75%;\">\n\t\t\t\t<img loading=\"lazy\" decoding=\"async\" width=\"1279\" height=\"960\" src=\"https:\/\/medaric.com\/wp-content\/uploads\/2026\/02\/Deepblue_kichen1.avif\" class=\"attachment- size-\" alt=\"Voll ausgestattete K\u00fcche\" srcset=\"https:\/\/medaric.com\/wp-content\/uploads\/2026\/02\/Deepblue_kichen1.avif 1279w, https:\/\/medaric.com\/wp-content\/uploads\/2026\/02\/Deepblue_kichen1-300x225.avif 300w, https:\/\/medaric.com\/wp-content\/uploads\/2026\/02\/Deepblue_kichen1-1024x769.avif 1024w, https:\/\/medaric.com\/wp-content\/uploads\/2026\/02\/Deepblue_kichen1-768x576.avif 768w, https:\/\/medaric.com\/wp-content\/uploads\/2026\/02\/Deepblue_kichen1-600x450.avif 600w\" sizes=\"auto, (max-width: 1279px) 100vw, 1279px\" \/>\t\t\t\t\t\t\t\t\t\t\t<\/div>\n\t\t\t<\/a>\t\t<\/div>\n\n\t\t<div class=\"box-text text-center\" >\n\t\t\t<div class=\"box-text-inner\">\n\t\t\t\t\n\n\t<div id=\"text-1084184499\" class=\"text\">\n\t\t\n\n<h3>Deepblue 1<\/h3>\n<p>F\u00fcr 4 Personen \u00b7 1 Schlafzimmer \u00b7 1 Badezimmer<\/p>\n\t\t\n<style>\n#text-1084184499 {\n  text-align: center;\n  color: rgb(4, 62, 93);\n}\n#text-1084184499 > * {\n  color: rgb(4, 62, 93);\n}\n<\/style>\n\t<\/div>\n\t\n<a href=\"\/de\/Apartment%20Deepblue%201\/#Availability_AP1\" class=\"button primary is-shade box-shadow-3 box-shadow-5-hover lowercase\" style=\"border-radius:5px;\">\n\t\t<span>Verf\u00fcgbarkeit<\/span>\n\t<\/a>\n\n\n\n\t\t\t<\/div>\n\t\t<\/div>\n\t<\/div>\n\t\n\n\t\t<\/div>\n\t\t\t\t\n<style>\n#col-299076355 > .col-inner {\n  padding: -20px 0px 0px 0px;\n}\n<\/style>\n\t<\/div>\n\n\t\n\n\t<div id=\"col-419867413\" class=\"col medium-4 small-12 large-4\"  >\n\t\t\t\t<div class=\"col-inner\"  >\n\t\t\t\n\t\t\t\n\n\t<div class=\"box has-hover   has-hover box-text-bottom\" >\n\n\t\t<div class=\"box-image\" style=\"border-radius:6%;\">\n\t\t\t<a href=\"https:\/\/medaric.com\/de\/apartment-speranza-2\/\" >\t\t\t<div class=\"image-zoom image-cover\" style=\"padding-top:75%;\">\n\t\t\t\t<img loading=\"lazy\" decoding=\"async\" width=\"1440\" height=\"960\" src=\"https:\/\/medaric.com\/wp-content\/uploads\/2026\/02\/Speranza_1.avif\" class=\"attachment- size-\" alt=\"Garten Terrasse\" srcset=\"https:\/\/medaric.com\/wp-content\/uploads\/2026\/02\/Speranza_1.avif 1440w, https:\/\/medaric.com\/wp-content\/uploads\/2026\/02\/Speranza_1-300x200.avif 300w, https:\/\/medaric.com\/wp-content\/uploads\/2026\/02\/Speranza_1-1024x683.avif 1024w, https:\/\/medaric.com\/wp-content\/uploads\/2026\/02\/Speranza_1-768x512.avif 768w, https:\/\/medaric.com\/wp-content\/uploads\/2026\/02\/Speranza_1-600x400.avif 600w\" sizes=\"auto, (max-width: 1440px) 100vw, 1440px\" \/>\t\t\t\t\t\t\t\t\t\t\t<\/div>\n\t\t\t<\/a>\t\t<\/div>\n\n\t\t<div class=\"box-text text-center\" >\n\t\t\t<div class=\"box-text-inner\">\n\t\t\t\t\n\n\t<div id=\"text-1709279792\" class=\"text\">\n\t\t\n\n<h3>Speranza 2<\/h3>\n<p>Schlafm\u00f6glichkeiten f\u00fcr 3 Personen \u00b7 1 Schlafzimmer \u00b7 1 Badezimmer<\/p>\n\t\t\n<style>\n#text-1709279792 {\n  text-align: center;\n  color: rgb(4, 62, 93);\n}\n#text-1709279792 > * {\n  color: rgb(4, 62, 93);\n}\n<\/style>\n\t<\/div>\n\t\n<a href=\"\/de\/Apartment%20Speranza%202\/#Availability_AP2\" class=\"button primary is-shade box-shadow-3 box-shadow-5-hover lowercase\" style=\"border-radius:5px;\">\n\t\t<span>Verf\u00fcgbarkeit<\/span>\n\t<\/a>\n\n\n\n\t\t\t<\/div>\n\t\t<\/div>\n\t<\/div>\n\t\n\n\t\t<\/div>\n\t\t\t\t\t<\/div>\n\n\t\n\n\t<div id=\"col-1355228377\" class=\"col medium-4 small-12 large-4\"  >\n\t\t\t\t<div class=\"col-inner\"  >\n\t\t\t\n\t\t\t\n\n\t<div class=\"box has-hover   has-hover box-text-bottom\" >\n\n\t\t<div class=\"box-image\" style=\"border-radius:6%;\">\n\t\t\t<a href=\"https:\/\/medaric.com\/de\/wohnung-orangina-3\/\" >\t\t\t<div class=\"image-zoom image-cover\" style=\"padding-top:75%;\">\n\t\t\t\t<img loading=\"lazy\" decoding=\"async\" width=\"960\" height=\"455\" src=\"https:\/\/medaric.com\/wp-content\/uploads\/2026\/02\/Orangina-1.avif\" class=\"attachment- size-\" alt=\"Kichen\" srcset=\"https:\/\/medaric.com\/wp-content\/uploads\/2026\/02\/Orangina-1.avif 960w, https:\/\/medaric.com\/wp-content\/uploads\/2026\/02\/Orangina-1-300x142.avif 300w, https:\/\/medaric.com\/wp-content\/uploads\/2026\/02\/Orangina-1-768x364.avif 768w, https:\/\/medaric.com\/wp-content\/uploads\/2026\/02\/Orangina-1-600x284.avif 600w\" sizes=\"auto, (max-width: 960px) 100vw, 960px\" \/>\t\t\t\t\t\t\t\t\t\t\t<\/div>\n\t\t\t<\/a>\t\t<\/div>\n\n\t\t<div class=\"box-text text-center\" >\n\t\t\t<div class=\"box-text-inner\">\n\t\t\t\t\n\n\t<div id=\"text-3499177175\" class=\"text\">\n\t\t\n\n<h3>Orangina 3<\/h3>\n<p>F\u00fcr 4 Personen \u00b7 1 Schlafzimmer \u00b7 1 Badezimmer<\/p>\n\t\t\n<style>\n#text-3499177175 {\n  text-align: center;\n  color: rgb(4, 62, 93);\n}\n#text-3499177175 > * {\n  color: rgb(4, 62, 93);\n}\n<\/style>\n\t<\/div>\n\t\n<a href=\"\/de\/Apartment%20Orangina%203\/#Availability_AP3\" class=\"button primary is-shade box-shadow-3 box-shadow-5-hover lowercase\" style=\"border-radius:5px;\">\n\t\t<span>Verf\u00fcgbarkeit<\/span>\n\t<\/a>\n\n\n\n\t\t\t<\/div>\n\t\t<\/div>\n\t<\/div>\n\t\n\n\t\t<\/div>\n\t\t\t\t\t<\/div>\n\n\t\n\n<\/div>\n\n\t\t<\/div>\n\n\t\t\n<style>\n#section_858453197 {\n  padding-top: 0px;\n  padding-bottom: 0px;\n  background-color: rgba(221, 233, 246, 0.378);\n}\n<\/style>\n\t<\/section>\n\t\n\n\n\t\t<\/div>\n\n\t\t\n<style>\n#section_585269331 {\n  padding-top: 30px;\n  padding-bottom: 30px;\n}\n<\/style>\n\t<\/section>","protected":false},"excerpt":{"rendered":"","protected":false},"author":1,"featured_media":0,"parent":0,"menu_order":0,"comment_status":"closed","ping_status":"open","template":"","meta":{"footnotes":""},"class_list":["post-3","page","type-page","status-publish","hentry"],"yoast_head":"<!-- This site is optimized with the Yoast SEO plugin v26.9 - https:\/\/yoast.com\/product\/yoast-seo-wordpress\/ -->\n<title>Privacy Policy - Apartments Medaric<\/title>\n<meta name=\"description\" content=\"For any questions regarding privacy, you can contact us at:info@medaric.com\" \/>\n<meta name=\"robots\" content=\"index, follow, max-snippet:-1, max-image-preview:large, max-video-preview:-1\" \/>\n<link rel=\"canonical\" href=\"https:\/\/medaric.com\/de\/datenschutzbestimmungen\/\" \/>\n<meta property=\"og:locale\" content=\"de_DE\" \/>\n<meta property=\"og:type\" content=\"article\" \/>\n<meta property=\"og:title\" content=\"Privacy Policy - Apartments Medaric\" \/>\n<meta property=\"og:description\" content=\"For any questions regarding privacy, you can contact us at:info@medaric.com\" \/>\n<meta property=\"og:url\" content=\"https:\/\/medaric.com\/de\/datenschutzbestimmungen\/\" \/>\n<meta property=\"og:site_name\" content=\"Apartments Medaric\" \/>\n<meta property=\"article:modified_time\" content=\"2026-02-21T06:47:50+00:00\" \/>\n<meta name=\"twitter:card\" content=\"summary_large_image\" \/>\n<meta name=\"twitter:label1\" content=\"Gesch\u00e4tzte Lesezeit\" \/>\n\t<meta name=\"twitter:data1\" content=\"1\u00a0Minute\" \/>\n<script type=\"application\/ld+json\" class=\"yoast-schema-graph\">{\"@context\":\"https:\/\/schema.org\",\"@graph\":[{\"@type\":\"WebPage\",\"@id\":\"https:\/\/medaric.com\/privacy-policy\/\",\"url\":\"https:\/\/medaric.com\/privacy-policy\/\",\"name\":\"Privacy Policy - Apartments Medaric\",\"isPartOf\":{\"@id\":\"https:\/\/medaric.com\/#website\"},\"datePublished\":\"2026-02-03T15:03:47+00:00\",\"dateModified\":\"2026-02-21T06:47:50+00:00\",\"description\":\"For any questions regarding privacy, you can contact us at:info@medaric.com\",\"breadcrumb\":{\"@id\":\"https:\/\/medaric.com\/privacy-policy\/#breadcrumb\"},\"inLanguage\":\"de\",\"potentialAction\":[{\"@type\":\"ReadAction\",\"target\":[\"https:\/\/medaric.com\/privacy-policy\/\"]}]},{\"@type\":\"BreadcrumbList\",\"@id\":\"https:\/\/medaric.com\/privacy-policy\/#breadcrumb\",\"itemListElement\":[{\"@type\":\"ListItem\",\"position\":1,\"name\":\"Home\",\"item\":\"https:\/\/medaric.com\/\"},{\"@type\":\"ListItem\",\"position\":2,\"name\":\"Privacy Policy\"}]},{\"@type\":\"WebSite\",\"@id\":\"https:\/\/medaric.com\/#website\",\"url\":\"https:\/\/medaric.com\/\",\"name\":\"Apartments Medaric Cres\",\"description\":\"Apartments Medaric Cres\",\"publisher\":{\"@id\":\"https:\/\/medaric.com\/#\/schema\/person\/5b26bf784c8eb0e0d2e830c29f15aa09\"},\"potentialAction\":[{\"@type\":\"SearchAction\",\"target\":{\"@type\":\"EntryPoint\",\"urlTemplate\":\"https:\/\/medaric.com\/?s={search_term_string}\"},\"query-input\":{\"@type\":\"PropertyValueSpecification\",\"valueRequired\":true,\"valueName\":\"search_term_string\"}}],\"inLanguage\":\"de\"},{\"@type\":[\"Person\",\"Organization\"],\"@id\":\"https:\/\/medaric.com\/#\/schema\/person\/5b26bf784c8eb0e0d2e830c29f15aa09\",\"name\":\"sasa.albert@gmail.com\",\"image\":{\"@type\":\"ImageObject\",\"inLanguage\":\"de\",\"@id\":\"https:\/\/medaric.com\/#\/schema\/person\/image\/\",\"url\":\"https:\/\/medaric.com\/wp-content\/uploads\/2026\/02\/LOGO2-removebg-preview-e1770132114834.png\",\"contentUrl\":\"https:\/\/medaric.com\/wp-content\/uploads\/2026\/02\/LOGO2-removebg-preview-e1770132114834.png\",\"width\":388,\"height\":90,\"caption\":\"sasa.albert@gmail.com\"},\"logo\":{\"@id\":\"https:\/\/medaric.com\/#\/schema\/person\/image\/\"},\"sameAs\":[\"https:\/\/medaric.com\"]}]}<\/script>\n<!-- \/ Yoast SEO plugin. -->","yoast_head_json":{"title":"Privacy Policy - Apartments Medaric","description":"For any questions regarding privacy, you can contact us at:info@medaric.com","robots":{"index":"index","follow":"follow","max-snippet":"max-snippet:-1","max-image-preview":"max-image-preview:large","max-video-preview":"max-video-preview:-1"},"canonical":"https:\/\/medaric.com\/de\/datenschutzbestimmungen\/","og_locale":"de_DE","og_type":"article","og_title":"Privacy Policy - Apartments Medaric","og_description":"For any questions regarding privacy, you can contact us at:info@medaric.com","og_url":"https:\/\/medaric.com\/de\/datenschutzbestimmungen\/","og_site_name":"Apartments Medaric","article_modified_time":"2026-02-21T06:47:50+00:00","twitter_card":"summary_large_image","twitter_misc":{"Gesch\u00e4tzte Lesezeit":"1\u00a0Minute"},"schema":{"@context":"https:\/\/schema.org","@graph":[{"@type":"WebPage","@id":"https:\/\/medaric.com\/privacy-policy\/","url":"https:\/\/medaric.com\/privacy-policy\/","name":"Privacy Policy - Apartments Medaric","isPartOf":{"@id":"https:\/\/medaric.com\/#website"},"datePublished":"2026-02-03T15:03:47+00:00","dateModified":"2026-02-21T06:47:50+00:00","description":"For any questions regarding privacy, you can contact us at:info@medaric.com","breadcrumb":{"@id":"https:\/\/medaric.com\/privacy-policy\/#breadcrumb"},"inLanguage":"de","potentialAction":[{"@type":"ReadAction","target":["https:\/\/medaric.com\/privacy-policy\/"]}]},{"@type":"BreadcrumbList","@id":"https:\/\/medaric.com\/privacy-policy\/#breadcrumb","itemListElement":[{"@type":"ListItem","position":1,"name":"Home","item":"https:\/\/medaric.com\/"},{"@type":"ListItem","position":2,"name":"Privacy Policy"}]},{"@type":"WebSite","@id":"https:\/\/medaric.com\/#website","url":"https:\/\/medaric.com\/","name":"Apartments Medaric Cres","description":"Apartments Medaric Cres","publisher":{"@id":"https:\/\/medaric.com\/#\/schema\/person\/5b26bf784c8eb0e0d2e830c29f15aa09"},"potentialAction":[{"@type":"SearchAction","target":{"@type":"EntryPoint","urlTemplate":"https:\/\/medaric.com\/?s={search_term_string}"},"query-input":{"@type":"PropertyValueSpecification","valueRequired":true,"valueName":"search_term_string"}}],"inLanguage":"de"},{"@type":["Person","Organization"],"@id":"https:\/\/medaric.com\/#\/schema\/person\/5b26bf784c8eb0e0d2e830c29f15aa09","name":"sasa.albert@gmail.com","image":{"@type":"ImageObject","inLanguage":"de","@id":"https:\/\/medaric.com\/#\/schema\/person\/image\/","url":"https:\/\/medaric.com\/wp-content\/uploads\/2026\/02\/LOGO2-removebg-preview-e1770132114834.png","contentUrl":"https:\/\/medaric.com\/wp-content\/uploads\/2026\/02\/LOGO2-removebg-preview-e1770132114834.png","width":388,"height":90,"caption":"sasa.albert@gmail.com"},"logo":{"@id":"https:\/\/medaric.com\/#\/schema\/person\/image\/"},"sameAs":["https:\/\/medaric.com"]}]}},"_links":{"self":[{"href":"https:\/\/medaric.com\/de\/wp-json\/wp\/v2\/pages\/3","targetHints":{"allow":["GET"]}}],"collection":[{"href":"https:\/\/medaric.com\/de\/wp-json\/wp\/v2\/pages"}],"about":[{"href":"https:\/\/medaric.com\/de\/wp-json\/wp\/v2\/types\/page"}],"author":[{"embeddable":true,"href":"https:\/\/medaric.com\/de\/wp-json\/wp\/v2\/users\/1"}],"replies":[{"embeddable":true,"href":"https:\/\/medaric.com\/de\/wp-json\/wp\/v2\/comments?post=3"}],"version-history":[{"count":2,"href":"https:\/\/medaric.com\/de\/wp-json\/wp\/v2\/pages\/3\/revisions"}],"predecessor-version":[{"id":333,"href":"https:\/\/medaric.com\/de\/wp-json\/wp\/v2\/pages\/3\/revisions\/333"}],"wp:attachment":[{"href":"https:\/\/medaric.com\/de\/wp-json\/wp\/v2\/media?parent=3"}],"curies":[{"name":"wp","href":"https:\/\/api.w.org\/{rel}","templated":true}]}}